{"id":2,"date":"2016-05-10T03:48:21","date_gmt":"2016-05-10T03:48:21","guid":{"rendered":"http:\/\/residencemalibufalcade.it\/?page_id=2"},"modified":"2019-07-05T14:47:24","modified_gmt":"2019-07-05T14:47:24","slug":"home","status":"publish","type":"page","link":"https:\/\/residencemalibufalcade.it\/it\/","title":{"rendered":"Home"},"content":{"rendered":"<div class=\"wpb-content-wrapper\"><p>[vc_row css_animation=&#8221;&#8221; row_type=&#8221;row&#8221; use_row_as_full_screen_section=&#8221;no&#8221; type=&#8221;full_width&#8221; angled_section=&#8221;no&#8221; text_align=&#8221;left&#8221; background_image_as_pattern=&#8221;without_pattern&#8221;][vc_column]\n\t\t\t<!-- START home slider REVOLUTION SLIDER 6.6.16 --><p class=\"rs-p-wp-fix\"><\/p>\n\t\t\t<rs-module-wrap id=\"rev_slider_1_1_wrapper\" data-source=\"gallery\" style=\"visibility:hidden;background:transparent;padding:0;margin:0px auto;margin-top:0;margin-bottom:0;\">\n\t\t\t\t<rs-module id=\"rev_slider_1_1\" style=\"\" data-version=\"6.6.16\">\n\t\t\t\t\t<rs-slides style=\"overflow: hidden; position: absolute;\">\n\t\t\t\t\t\t<rs-slide style=\"position: absolute;\" data-key=\"rs-1\" data-title=\"Slide\" data-anim=\"adpr:false;\">\n\t\t\t\t\t\t\t<img src=\"\/\/residencemalibufalcade.it\/wp-content\/plugins\/revslider\/public\/assets\/assets\/dummy.png\" alt=\"\" title=\"Home\" class=\"rev-slidebg tp-rs-img rs-lazyload\" data-lazyload=\"\/\/residencemalibufalcade.it\/wp-content\/uploads\/2019\/06\/residence-malibu-falcade-4.jpg\" data-no-retina>\n<!---->\t\t\t\t\t\t<\/rs-slide>\n\t\t\t\t\t<\/rs-slides>\n\t\t\t\t<\/rs-module>\n\t\t\t\t<script>\n\t\t\t\t\tsetREVStartSize({c: 'rev_slider_1_1',rl:[1240,1024,768,480],el:[],gw:[1920],gh:[800],type:'standard',justify:'',layout:'fullwidth',mh:\"0\"});if (window.RS_MODULES!==undefined && window.RS_MODULES.modules!==undefined && window.RS_MODULES.modules[\"revslider11\"]!==undefined) {window.RS_MODULES.modules[\"revslider11\"].once = false;window.revapi1 = undefined;if (window.RS_MODULES.checkMinimal!==undefined) window.RS_MODULES.checkMinimal()}\n\t\t\t\t<\/script>\n\t\t\t<\/rs-module-wrap>\n\t\t\t<!-- END REVOLUTION SLIDER -->\n[vc_empty_space height=&#8221;60px&#8221;][\/vc_column][\/vc_row][vc_row css_animation=&#8221;&#8221; row_type=&#8221;row&#8221; use_row_as_full_screen_section=&#8221;no&#8221; type=&#8221;grid&#8221; angled_section=&#8221;no&#8221; text_align=&#8221;left&#8221; background_image_as_pattern=&#8221;without_pattern&#8221; z_index=&#8221;&#8221;][vc_column][vc_column_text]<\/p>\n<h1>Residence appartamenti Malibu a Falcade, nel cuore delle Dolomiti.<\/h1>\n<p>[\/vc_column_text][vc_empty_space height=&#8221;20px&#8221;][vc_column_text]<\/p>\n<h3>Il residence Malibu Falcade\u00a0 \u00e8 situato a Falcade, nel cuore delle Dolomiti UNESCO.<br \/>\nFalcade \u00e8 posta in una stupenda conca di conifere e prati, \u00e8 dominata, a sud, dal magnifico gruppo del Focobon (3054 m), la montagna simbolo della vallata. Oltre al Focobon con le sue tre cime principali, si possono ammirare ed esplorare il Monte M\u00f9laz (2906 m), le Cime d&#8217;Auta (2624 m) e il Monte Civetta (3220 m).<\/h3>\n<p>[\/vc_column_text][vc_empty_space height=&#8221;60px&#8221;][\/vc_column][\/vc_row][vc_row css_animation=&#8221;&#8221; row_type=&#8221;row&#8221; use_row_as_full_screen_section=&#8221;no&#8221; type=&#8221;grid&#8221; angled_section=&#8221;no&#8221; text_align=&#8221;left&#8221; background_image_as_pattern=&#8221;without_pattern&#8221; z_index=&#8221;&#8221;][vc_column width=&#8221;1\/2&#8243; css=&#8221;.vc_custom_1561988764350{margin-bottom: 60px !important;}&#8221;][vc_single_image image=&#8221;602&#8243; img_size=&#8221;full&#8221; qode_css_animation=&#8221;&#8221;][vc_empty_space height=&#8221;20px&#8221;][vc_column_text]<\/p>\n<h2>La struttura<\/h2>\n<p>[\/vc_column_text][vc_empty_space height=&#8221;20px&#8221;][vc_column_text]Il Residence Malibu offre appartamenti molto curati nei dettagli, tutti forniti di TV, angolo cottura e lavatrice. Il meglio del comfort per il vostro soggiorno con wifi free, comodo ascensore, parcheggio e ski room. Vi aspettiAmo![\/vc_column_text][vc_empty_space height=&#8221;20px&#8221;]<a  itemprop=\"url\" href=\"\/it\/struttura\/\" target=\"_self\"  class=\"qbutton  default\" style=\"\">Scopri di pi\u00f9<\/a>[\/vc_column][vc_column width=&#8221;1\/2&#8243; css=&#8221;.vc_custom_1561988771187{margin-bottom: 60px !important;}&#8221;][vc_single_image image=&#8221;596&#8243; img_size=&#8221;full&#8221; qode_css_animation=&#8221;&#8221;][vc_empty_space height=&#8221;20px&#8221;][vc_column_text]<\/p>\n<h2>Prenota<\/h2>\n<p>[\/vc_column_text][vc_empty_space height=&#8221;20px&#8221;][vc_column_text]Residence Malibu Falcade mette a tua disposizione appartamenti con camere doppie, singole e altro ancora. Richiedi la tua tua camera con la Garanzia del prezzo.[\/vc_column_text][vc_empty_space height=&#8221;20px&#8221;]<a  itemprop=\"url\" href=\"\/it\/prenota\/\" target=\"_self\"  class=\"qbutton  default\" style=\"\">Prenota subito<\/a>[\/vc_column][\/vc_row][vc_row css_animation=&#8221;&#8221; row_type=&#8221;row&#8221; use_row_as_full_screen_section=&#8221;no&#8221; type=&#8221;grid&#8221; angled_section=&#8221;no&#8221; text_align=&#8221;left&#8221; background_image_as_pattern=&#8221;without_pattern&#8221; z_index=&#8221;&#8221; css=&#8221;.vc_custom_1561988778196{margin-bottom: 0px !important;}&#8221;][vc_column width=&#8221;1\/2&#8243; css=&#8221;.vc_custom_1561988783554{margin-bottom: 60px !important;}&#8221;][vc_single_image image=&#8221;549&#8243; img_size=&#8221;full&#8221; qode_css_animation=&#8221;&#8221;][vc_empty_space height=&#8221;20px&#8221;][vc_column_text]<\/p>\n<h2>Dove siamo<\/h2>\n<p>[\/vc_column_text][vc_empty_space height=&#8221;20px&#8221;][vc_column_text]Il Residence Malibu si trova a Caviola (Falcade) e gode di una posizione strategica, tranquilla e contemporaneamente comodissima per tutti i servizi.<br \/>\nDispone di ampio parcheggio gratuito e ripostiglio per l&#8217;attrezzatura sciistica.[\/vc_column_text][vc_empty_space height=&#8221;20px&#8221;]<a  itemprop=\"url\" href=\"\/it\/contatti\/\" target=\"_self\"  class=\"qbutton  default\" style=\"\">Scopri di pi\u00f9<\/a>[\/vc_column][vc_column width=&#8221;1\/2&#8243; css=&#8221;.vc_custom_1561988788867{margin-bottom: 60px !important;}&#8221;][vc_single_image image=&#8221;552&#8243; img_size=&#8221;full&#8221; qode_css_animation=&#8221;&#8221;][vc_empty_space height=&#8221;20px&#8221;][vc_column_text]<\/p>\n<h2>Cosa fare a Falcade<\/h2>\n<p>[\/vc_column_text][vc_empty_space height=&#8221;20px&#8221;][vc_column_text]Falcade \u00e8 una localit\u00e0 della valle del Biois ed \u00e8 un rinomato centro vacanziero sia estivo che invernale con i suoi moderni impianti di risalita, che portano a raggiungere alcune tra le pi\u00f9 belle e panoramiche piste da sci delle Dolomiti.[\/vc_column_text][vc_empty_space height=&#8221;20px&#8221;]<a  itemprop=\"url\" href=\"\/it\/cosa-fare\/\" target=\"_self\"  class=\"qbutton  default\" style=\"\">Scopri di pi\u00f9<\/a>[\/vc_column][\/vc_row][vc_row css_animation=&#8221;&#8221; row_type=&#8221;row&#8221; use_row_as_full_screen_section=&#8221;no&#8221; type=&#8221;grid&#8221; angled_section=&#8221;no&#8221; text_align=&#8221;left&#8221; background_image_as_pattern=&#8221;without_pattern&#8221; z_index=&#8221;&#8221; background_color=&#8221;#f7f7f7&#8243; css=&#8221;.vc_custom_1558449891404{padding-top: 60px !important;padding-bottom: 60px !important;}&#8221;][vc_column width=&#8221;1\/4&#8243;][vc_column_text]<\/p>\n<h3 style=\"text-align: center; color: #005eb8;\"><strong>WIFI FREE<\/strong><\/h3>\n<p>[\/vc_column_text][vc_single_image image=&#8221;23&#8243; img_size=&#8221;150&#215;150&#8243; alignment=&#8221;center&#8221; qode_css_animation=&#8221;&#8221;][\/vc_column][vc_column width=&#8221;1\/4&#8243;][vc_column_text]<\/p>\n<h3 style=\"text-align: center; color: #005eb8;\"><strong>ASCENSORE<\/strong><\/h3>\n<p>[\/vc_column_text][vc_single_image image=&#8221;43&#8243; img_size=&#8221;150&#215;150&#8243; alignment=&#8221;center&#8221; qode_css_animation=&#8221;&#8221;][\/vc_column][vc_column width=&#8221;1\/4&#8243;][vc_column_text]<\/p>\n<h3 style=\"text-align: center; color: #005eb8;\"><strong>PARCHEGGIO<\/strong><\/h3>\n<p>[\/vc_column_text][vc_single_image image=&#8221;46&#8243; img_size=&#8221;150&#215;150&#8243; alignment=&#8221;center&#8221; qode_css_animation=&#8221;&#8221;][\/vc_column][vc_column width=&#8221;1\/4&#8243;][vc_column_text]<\/p>\n<h3 style=\"text-align: center; color: #005eb8;\"><strong>SKI ROOM<\/strong><\/h3>\n<p>[\/vc_column_text][vc_single_image image=&#8221;49&#8243; img_size=&#8221;150&#215;150&#8243; alignment=&#8221;center&#8221; qode_css_animation=&#8221;&#8221;][\/vc_column][\/vc_row]<\/p>\n<\/div>","protected":false},"excerpt":{"rendered":"<p>[vc_row css_animation=&#8221;&#8221; row_type=&#8221;row&#8221; use_row_as_full_screen_section=&#8221;no&#8221; type=&#8221;full_width&#8221; angled_section=&#8221;no&#8221; text_align=&#8221;left&#8221; background_image_as_pattern=&#8221;without_pattern&#8221;][vc_column][vc_empty_space height=&#8221;60px&#8221;][\/vc_column][\/vc_row][vc_row css_animation=&#8221;&#8221; row_type=&#8221;row&#8221; use_row_as_full_screen_section=&#8221;no&#8221; type=&#8221;grid&#8221; angled_section=&#8221;no&#8221; text_align=&#8221;left&#8221; background_image_as_pattern=&#8221;without_pattern&#8221; z_index=&#8221;&#8221;][vc_column][vc_column_text] Residence appartamenti Malibu a Falcade, nel cuore delle Dolomiti. [\/vc_column_text][vc_empty_space height=&#8221;20px&#8221;][vc_column_text] Il residence Malibu Falcade\u00a0 \u00e8 situato a Falcade, nel cuore delle Dolomiti UNESCO. Falcade \u00e8 posta in&#8230;<\/p>\n","protected":false},"author":2,"featured_media":0,"parent":0,"menu_order":0,"comment_status":"closed","ping_status":"closed","template":"full_width.php","meta":{"footnotes":""},"yoast_head":"<!-- This site is optimized with the Yoast SEO plugin v21.4 - https:\/\/yoast.com\/wordpress\/plugins\/seo\/ -->\n<title>Appartamenti Falcade Malibu<\/title>\n<meta name=\"description\" content=\"Il residence Malibu Falcade offre appartamenti molto curati nei dettagli: \u00e8 situato a Falcade, nel cuore delle Dolomiti Unesco.\" \/>\n<meta name=\"robots\" content=\"index, follow, max-snippet:-1, max-image-preview:large, max-video-preview:-1\" \/>\n<link rel=\"canonical\" href=\"https:\/\/residencemalibufalcade.it\/it\/\" \/>\n<meta property=\"og:locale\" content=\"it_IT\" \/>\n<meta property=\"og:type\" content=\"article\" \/>\n<meta property=\"og:title\" content=\"Appartamenti Falcade Malibu\" \/>\n<meta property=\"og:description\" content=\"Il residence Malibu Falcade offre appartamenti molto curati nei dettagli: \u00e8 situato a Falcade, nel cuore delle Dolomiti Unesco.\" \/>\n<meta property=\"og:url\" content=\"https:\/\/residencemalibufalcade.it\/it\/\" \/>\n<meta property=\"og:site_name\" content=\"Residence Malibu Falcade\" \/>\n<meta property=\"article:modified_time\" content=\"2019-07-05T14:47:24+00:00\" \/>\n<meta name=\"twitter:card\" content=\"summary_large_image\" \/>\n<meta name=\"twitter:label1\" content=\"Tempo di lettura stimato\" \/>\n\t<meta name=\"twitter:data1\" content=\"4 minuti\" \/>\n<script type=\"application\/ld+json\" class=\"yoast-schema-graph\">{\"@context\":\"https:\/\/schema.org\",\"@graph\":[{\"@type\":\"WebPage\",\"@id\":\"https:\/\/residencemalibufalcade.it\/it\/\",\"url\":\"https:\/\/residencemalibufalcade.it\/it\/\",\"name\":\"Appartamenti Falcade Malibu\",\"isPartOf\":{\"@id\":\"https:\/\/residencemalibufalcade.it\/it\/#website\"},\"datePublished\":\"2016-05-10T03:48:21+00:00\",\"dateModified\":\"2019-07-05T14:47:24+00:00\",\"description\":\"Il residence Malibu Falcade offre appartamenti molto curati nei dettagli: \u00e8 situato a Falcade, nel cuore delle Dolomiti Unesco.\",\"breadcrumb\":{\"@id\":\"https:\/\/residencemalibufalcade.it\/it\/#breadcrumb\"},\"inLanguage\":\"it-IT\",\"potentialAction\":[{\"@type\":\"ReadAction\",\"target\":[\"https:\/\/residencemalibufalcade.it\/it\/\"]}]},{\"@type\":\"BreadcrumbList\",\"@id\":\"https:\/\/residencemalibufalcade.it\/it\/#breadcrumb\",\"itemListElement\":[{\"@type\":\"ListItem\",\"position\":1,\"name\":\"Home\",\"item\":\"https:\/\/residencemalibufalcade.it\/it\/\"},{\"@type\":\"ListItem\",\"position\":2,\"name\":\"Home\"}]},{\"@type\":\"WebSite\",\"@id\":\"https:\/\/residencemalibufalcade.it\/it\/#website\",\"url\":\"https:\/\/residencemalibufalcade.it\/it\/\",\"name\":\"Residence Malibu Falcade\",\"description\":\"\",\"potentialAction\":[{\"@type\":\"SearchAction\",\"target\":{\"@type\":\"EntryPoint\",\"urlTemplate\":\"https:\/\/residencemalibufalcade.it\/it\/?s={search_term_string}\"},\"query-input\":\"required name=search_term_string\"}],\"inLanguage\":\"it-IT\"}]}<\/script>\n<!-- \/ Yoast SEO plugin. -->","yoast_head_json":{"title":"Appartamenti Falcade Malibu","description":"Il residence Malibu Falcade offre appartamenti molto curati nei dettagli: \u00e8 situato a Falcade, nel cuore delle Dolomiti Unesco.","robots":{"index":"index","follow":"follow","max-snippet":"max-snippet:-1","max-image-preview":"max-image-preview:large","max-video-preview":"max-video-preview:-1"},"canonical":"https:\/\/residencemalibufalcade.it\/it\/","og_locale":"it_IT","og_type":"article","og_title":"Appartamenti Falcade Malibu","og_description":"Il residence Malibu Falcade offre appartamenti molto curati nei dettagli: \u00e8 situato a Falcade, nel cuore delle Dolomiti Unesco.","og_url":"https:\/\/residencemalibufalcade.it\/it\/","og_site_name":"Residence Malibu Falcade","article_modified_time":"2019-07-05T14:47:24+00:00","twitter_card":"summary_large_image","twitter_misc":{"Tempo di lettura stimato":"4 minuti"},"schema":{"@context":"https:\/\/schema.org","@graph":[{"@type":"WebPage","@id":"https:\/\/residencemalibufalcade.it\/it\/","url":"https:\/\/residencemalibufalcade.it\/it\/","name":"Appartamenti Falcade Malibu","isPartOf":{"@id":"https:\/\/residencemalibufalcade.it\/it\/#website"},"datePublished":"2016-05-10T03:48:21+00:00","dateModified":"2019-07-05T14:47:24+00:00","description":"Il residence Malibu Falcade offre appartamenti molto curati nei dettagli: \u00e8 situato a Falcade, nel cuore delle Dolomiti Unesco.","breadcrumb":{"@id":"https:\/\/residencemalibufalcade.it\/it\/#breadcrumb"},"inLanguage":"it-IT","potentialAction":[{"@type":"ReadAction","target":["https:\/\/residencemalibufalcade.it\/it\/"]}]},{"@type":"BreadcrumbList","@id":"https:\/\/residencemalibufalcade.it\/it\/#breadcrumb","itemListElement":[{"@type":"ListItem","position":1,"name":"Home","item":"https:\/\/residencemalibufalcade.it\/it\/"},{"@type":"ListItem","position":2,"name":"Home"}]},{"@type":"WebSite","@id":"https:\/\/residencemalibufalcade.it\/it\/#website","url":"https:\/\/residencemalibufalcade.it\/it\/","name":"Residence Malibu Falcade","description":"","potentialAction":[{"@type":"SearchAction","target":{"@type":"EntryPoint","urlTemplate":"https:\/\/residencemalibufalcade.it\/it\/?s={search_term_string}"},"query-input":"required name=search_term_string"}],"inLanguage":"it-IT"}]}},"_links":{"self":[{"href":"https:\/\/residencemalibufalcade.it\/it\/wp-json\/wp\/v2\/pages\/2"}],"collection":[{"href":"https:\/\/residencemalibufalcade.it\/it\/wp-json\/wp\/v2\/pages"}],"about":[{"href":"https:\/\/residencemalibufalcade.it\/it\/wp-json\/wp\/v2\/types\/page"}],"author":[{"embeddable":true,"href":"https:\/\/residencemalibufalcade.it\/it\/wp-json\/wp\/v2\/users\/2"}],"replies":[{"embeddable":true,"href":"https:\/\/residencemalibufalcade.it\/it\/wp-json\/wp\/v2\/comments?post=2"}],"version-history":[{"count":48,"href":"https:\/\/residencemalibufalcade.it\/it\/wp-json\/wp\/v2\/pages\/2\/revisions"}],"predecessor-version":[{"id":788,"href":"https:\/\/residencemalibufalcade.it\/it\/wp-json\/wp\/v2\/pages\/2\/revisions\/788"}],"wp:attachment":[{"href":"https:\/\/residencemalibufalcade.it\/it\/wp-json\/wp\/v2\/media?parent=2"}],"curies":[{"name":"wp","href":"https:\/\/api.w.org\/{rel}","templated":true}]}}