{"id":74,"date":"2019-05-20T15:51:26","date_gmt":"2019-05-20T15:51:26","guid":{"rendered":"http:\/\/residencemalibufalcade.it\/?page_id=74"},"modified":"2019-07-05T15:05:53","modified_gmt":"2019-07-05T15:05:53","slug":"cosa-fare","status":"publish","type":"page","link":"https:\/\/residencemalibufalcade.it\/it\/cosa-fare\/","title":{"rendered":"Cosa fare"},"content":{"rendered":"<div class=\"wpb-content-wrapper\"><p>[vc_row css_animation=&#8221;&#8221; row_type=&#8221;row&#8221; use_row_as_full_screen_section=&#8221;no&#8221; type=&#8221;full_width&#8221; angled_section=&#8221;no&#8221; text_align=&#8221;left&#8221; background_image_as_pattern=&#8221;without_pattern&#8221; el_class=&#8221;tab-prezzi&#8221; z_index=&#8221;&#8221;][vc_column width=&#8221;1\/2&#8243;][vc_column_text]Falcade \u00e8 una localit\u00e0 della valle del Biois ed \u00e8 un rinomato centro vacanziero sia estivo che invernale con i suoi moderni impianti di risalita, che portano a raggiungere alcune tra le pi\u00f9 belle e panoramiche piste da sci delle Dolomiti, e con le sue piste di fondo dotate di illuminazione ed innevamento programmato. \u00c8 circondato da importanti vette dolomitiche quali Focobon e Mulaz (del gruppo delle Pale di San Martino), Civetta, Pelmo, Cime d&#8217;Auta, Marmolada e Monzoni-Costabella. Fa parte del consorzio impianti a fune Tre Valli (Falcade, San Pellegrino, Moena-Lusia) e del Dolomiti Superski. Oltre agli impianti a fune, sulla piana di Falcade si trova la pista da sci di fondo. Ogni anno \u00e8 organizzata alla fine di settembre l&#8217;antica usanza della smonticazione (la desmontegheda) con una grande festa.[\/vc_column_text][\/vc_column][vc_column width=&#8221;1\/2&#8243;][vc_single_image image=&#8221;328&#8243; img_size=&#8221;full&#8221; qode_css_animation=&#8221;&#8221;][\/vc_column][\/vc_row][vc_row css_animation=&#8221;&#8221; row_type=&#8221;row&#8221; use_row_as_full_screen_section=&#8221;no&#8221; type=&#8221;full_width&#8221; angled_section=&#8221;no&#8221; text_align=&#8221;left&#8221; background_image_as_pattern=&#8221;without_pattern&#8221;][vc_column][vc_empty_space height=&#8221;50px&#8221;][\/vc_column][\/vc_row][vc_row css_animation=&#8221;&#8221; row_type=&#8221;row&#8221; use_row_as_full_screen_section=&#8221;no&#8221; type=&#8221;full_width&#8221; angled_section=&#8221;no&#8221; text_align=&#8221;left&#8221; background_image_as_pattern=&#8221;without_pattern&#8221; el_class=&#8221;tab-prezzi&#8221; z_index=&#8221;&#8221;][vc_column width=&#8221;1\/6&#8243;][vc_single_image image=&#8221;681&#8243; img_size=&#8221;full&#8221; onclick=&#8221;custom_link&#8221; img_link_target=&#8221;_blank&#8221; qode_css_animation=&#8221;&#8221; link=&#8221;https:\/\/agordinodolomiti.it\/index.php\/veranstaltungen\/se-desmonteghea-2016-falcade-dolomiti\/&#8221; css=&#8221;.vc_custom_1560859542664{padding-top: 20px !important;}&#8221;][\/vc_column][vc_column width=&#8221;1\/6&#8243;][vc_single_image image=&#8221;751&#8243; img_size=&#8221;full&#8221; onclick=&#8221;custom_link&#8221; img_link_target=&#8221;_blank&#8221; qode_css_animation=&#8221;&#8221; link=&#8221;https:\/\/www.fassa.com\/&#8221;][\/vc_column][vc_column width=&#8221;1\/6&#8243;][vc_single_image image=&#8221;754&#8243; img_size=&#8221;full&#8221; onclick=&#8221;custom_link&#8221; img_link_target=&#8221;_blank&#8221; qode_css_animation=&#8221;&#8221; link=&#8221;http:\/\/www.skiareasanpellegrino.it\/estate\/&#8221;][\/vc_column][vc_column width=&#8221;1\/6&#8243;][vc_single_image image=&#8221;757&#8243; img_size=&#8221;full&#8221; onclick=&#8221;custom_link&#8221; img_link_target=&#8221;_blank&#8221; qode_css_animation=&#8221;&#8221; link=&#8221;http:\/\/www.skiareasanpellegrino.it\/eventi\/&#8221;][\/vc_column][vc_column width=&#8221;1\/6&#8243;][vc_single_image image=&#8221;760&#8243; img_size=&#8221;full&#8221; onclick=&#8221;custom_link&#8221; img_link_target=&#8221;_blank&#8221; qode_css_animation=&#8221;&#8221; link=&#8221;https:\/\/www.dolomitisuperski.com\/it&#8221;][\/vc_column][vc_column width=&#8221;1\/6&#8243;][vc_single_image image=&#8221;337&#8243; img_size=&#8221;120&#215;55&#8243; alignment=&#8221;center&#8221; onclick=&#8221;custom_link&#8221; img_link_target=&#8221;_blank&#8221; qode_css_animation=&#8221;&#8221; link=&#8221;https:\/\/www.dolomiti.it\/it\/falcade-valle-del-biois\/&#8221; css=&#8221;.vc_custom_1560859515042{padding-top: 20px !important;}&#8221;][\/vc_column][\/vc_row][vc_row css_animation=&#8221;&#8221; row_type=&#8221;row&#8221; use_row_as_full_screen_section=&#8221;no&#8221; type=&#8221;full_width&#8221; angled_section=&#8221;no&#8221; text_align=&#8221;left&#8221; background_image_as_pattern=&#8221;without_pattern&#8221;][vc_column][vc_empty_space height=&#8221;50px&#8221;][\/vc_column][\/vc_row]<\/p>\n<\/div>","protected":false},"excerpt":{"rendered":"<p>[vc_row css_animation=&#8221;&#8221; row_type=&#8221;row&#8221; use_row_as_full_screen_section=&#8221;no&#8221; type=&#8221;full_width&#8221; angled_section=&#8221;no&#8221; text_align=&#8221;left&#8221; background_image_as_pattern=&#8221;without_pattern&#8221; el_class=&#8221;tab-prezzi&#8221; z_index=&#8221;&#8221;][vc_column width=&#8221;1\/2&#8243;][vc_column_text]Falcade \u00e8 una localit\u00e0 della valle del Biois ed \u00e8 un rinomato centro vacanziero sia estivo che invernale con i suoi moderni impianti di risalita, che portano a raggiungere alcune tra le pi\u00f9 belle e&#8230;<\/p>\n","protected":false},"author":2,"featured_media":0,"parent":0,"menu_order":5,"comment_status":"closed","ping_status":"closed","template":"","meta":{"footnotes":""},"yoast_head":"<!-- This site is optimized with the Yoast SEO plugin v21.4 - https:\/\/yoast.com\/wordpress\/plugins\/seo\/ -->\n<title>Cosa fare a Falcade - Dolomiti<\/title>\n<meta name=\"description\" content=\"Falcade \u00e8 una localit\u00e0 della valle del Biois ed \u00e8 un rinomato centro vacanziero sia estivo che invernale con i suoi moderni impianti di risalita...\" \/>\n<meta name=\"robots\" content=\"index, follow, max-snippet:-1, max-image-preview:large, max-video-preview:-1\" \/>\n<link rel=\"canonical\" href=\"https:\/\/residencemalibufalcade.it\/it\/cosa-fare\/\" \/>\n<meta property=\"og:locale\" content=\"it_IT\" \/>\n<meta property=\"og:type\" content=\"article\" \/>\n<meta property=\"og:title\" content=\"Cosa fare a Falcade - Dolomiti\" \/>\n<meta property=\"og:description\" content=\"Falcade \u00e8 una localit\u00e0 della valle del Biois ed \u00e8 un rinomato centro vacanziero sia estivo che invernale con i suoi moderni impianti di risalita...\" \/>\n<meta property=\"og:url\" content=\"https:\/\/residencemalibufalcade.it\/it\/cosa-fare\/\" \/>\n<meta property=\"og:site_name\" content=\"Residence Malibu Falcade\" \/>\n<meta property=\"article:modified_time\" content=\"2019-07-05T15:05:53+00:00\" \/>\n<meta name=\"twitter:card\" content=\"summary_large_image\" \/>\n<meta name=\"twitter:label1\" content=\"Tempo di lettura stimato\" \/>\n\t<meta name=\"twitter:data1\" content=\"2 minuti\" \/>\n<script type=\"application\/ld+json\" class=\"yoast-schema-graph\">{\"@context\":\"https:\/\/schema.org\",\"@graph\":[{\"@type\":\"WebPage\",\"@id\":\"https:\/\/residencemalibufalcade.it\/it\/cosa-fare\/\",\"url\":\"https:\/\/residencemalibufalcade.it\/it\/cosa-fare\/\",\"name\":\"Cosa fare a Falcade - Dolomiti\",\"isPartOf\":{\"@id\":\"https:\/\/residencemalibufalcade.it\/it\/#website\"},\"datePublished\":\"2019-05-20T15:51:26+00:00\",\"dateModified\":\"2019-07-05T15:05:53+00:00\",\"description\":\"Falcade \u00e8 una localit\u00e0 della valle del Biois ed \u00e8 un rinomato centro vacanziero sia estivo che invernale con i suoi moderni impianti di risalita...\",\"breadcrumb\":{\"@id\":\"https:\/\/residencemalibufalcade.it\/it\/cosa-fare\/#breadcrumb\"},\"inLanguage\":\"it-IT\",\"potentialAction\":[{\"@type\":\"ReadAction\",\"target\":[\"https:\/\/residencemalibufalcade.it\/it\/cosa-fare\/\"]}]},{\"@type\":\"BreadcrumbList\",\"@id\":\"https:\/\/residencemalibufalcade.it\/it\/cosa-fare\/#breadcrumb\",\"itemListElement\":[{\"@type\":\"ListItem\",\"position\":1,\"name\":\"Home\",\"item\":\"https:\/\/residencemalibufalcade.it\/it\/\"},{\"@type\":\"ListItem\",\"position\":2,\"name\":\"Cosa fare\"}]},{\"@type\":\"WebSite\",\"@id\":\"https:\/\/residencemalibufalcade.it\/it\/#website\",\"url\":\"https:\/\/residencemalibufalcade.it\/it\/\",\"name\":\"Residence Malibu Falcade\",\"description\":\"\",\"potentialAction\":[{\"@type\":\"SearchAction\",\"target\":{\"@type\":\"EntryPoint\",\"urlTemplate\":\"https:\/\/residencemalibufalcade.it\/it\/?s={search_term_string}\"},\"query-input\":\"required name=search_term_string\"}],\"inLanguage\":\"it-IT\"}]}<\/script>\n<!-- \/ Yoast SEO plugin. -->","yoast_head_json":{"title":"Cosa fare a Falcade - Dolomiti","description":"Falcade \u00e8 una localit\u00e0 della valle del Biois ed \u00e8 un rinomato centro vacanziero sia estivo che invernale con i suoi moderni impianti di risalita...","robots":{"index":"index","follow":"follow","max-snippet":"max-snippet:-1","max-image-preview":"max-image-preview:large","max-video-preview":"max-video-preview:-1"},"canonical":"https:\/\/residencemalibufalcade.it\/it\/cosa-fare\/","og_locale":"it_IT","og_type":"article","og_title":"Cosa fare a Falcade - Dolomiti","og_description":"Falcade \u00e8 una localit\u00e0 della valle del Biois ed \u00e8 un rinomato centro vacanziero sia estivo che invernale con i suoi moderni impianti di risalita...","og_url":"https:\/\/residencemalibufalcade.it\/it\/cosa-fare\/","og_site_name":"Residence Malibu Falcade","article_modified_time":"2019-07-05T15:05:53+00:00","twitter_card":"summary_large_image","twitter_misc":{"Tempo di lettura stimato":"2 minuti"},"schema":{"@context":"https:\/\/schema.org","@graph":[{"@type":"WebPage","@id":"https:\/\/residencemalibufalcade.it\/it\/cosa-fare\/","url":"https:\/\/residencemalibufalcade.it\/it\/cosa-fare\/","name":"Cosa fare a Falcade - Dolomiti","isPartOf":{"@id":"https:\/\/residencemalibufalcade.it\/it\/#website"},"datePublished":"2019-05-20T15:51:26+00:00","dateModified":"2019-07-05T15:05:53+00:00","description":"Falcade \u00e8 una localit\u00e0 della valle del Biois ed \u00e8 un rinomato centro vacanziero sia estivo che invernale con i suoi moderni impianti di risalita...","breadcrumb":{"@id":"https:\/\/residencemalibufalcade.it\/it\/cosa-fare\/#breadcrumb"},"inLanguage":"it-IT","potentialAction":[{"@type":"ReadAction","target":["https:\/\/residencemalibufalcade.it\/it\/cosa-fare\/"]}]},{"@type":"BreadcrumbList","@id":"https:\/\/residencemalibufalcade.it\/it\/cosa-fare\/#breadcrumb","itemListElement":[{"@type":"ListItem","position":1,"name":"Home","item":"https:\/\/residencemalibufalcade.it\/it\/"},{"@type":"ListItem","position":2,"name":"Cosa fare"}]},{"@type":"WebSite","@id":"https:\/\/residencemalibufalcade.it\/it\/#website","url":"https:\/\/residencemalibufalcade.it\/it\/","name":"Residence Malibu Falcade","description":"","potentialAction":[{"@type":"SearchAction","target":{"@type":"EntryPoint","urlTemplate":"https:\/\/residencemalibufalcade.it\/it\/?s={search_term_string}"},"query-input":"required name=search_term_string"}],"inLanguage":"it-IT"}]}},"_links":{"self":[{"href":"https:\/\/residencemalibufalcade.it\/it\/wp-json\/wp\/v2\/pages\/74"}],"collection":[{"href":"https:\/\/residencemalibufalcade.it\/it\/wp-json\/wp\/v2\/pages"}],"about":[{"href":"https:\/\/residencemalibufalcade.it\/it\/wp-json\/wp\/v2\/types\/page"}],"author":[{"embeddable":true,"href":"https:\/\/residencemalibufalcade.it\/it\/wp-json\/wp\/v2\/users\/2"}],"replies":[{"embeddable":true,"href":"https:\/\/residencemalibufalcade.it\/it\/wp-json\/wp\/v2\/comments?post=74"}],"version-history":[{"count":15,"href":"https:\/\/residencemalibufalcade.it\/it\/wp-json\/wp\/v2\/pages\/74\/revisions"}],"predecessor-version":[{"id":813,"href":"https:\/\/residencemalibufalcade.it\/it\/wp-json\/wp\/v2\/pages\/74\/revisions\/813"}],"wp:attachment":[{"href":"https:\/\/residencemalibufalcade.it\/it\/wp-json\/wp\/v2\/media?parent=74"}],"curies":[{"name":"wp","href":"https:\/\/api.w.org\/{rel}","templated":true}]}}